{"id":1860,"date":"2023-02-21T19:52:07","date_gmt":"2023-02-21T18:52:07","guid":{"rendered":"https:\/\/klos-wroc.pl\/sklep\/?post_type=product&#038;p=1860"},"modified":"2024-01-21T20:43:32","modified_gmt":"2024-01-21T19:43:32","slug":"koniczyna","status":"publish","type":"product","link":"https:\/\/klos-wroc.pl\/sklep\/produkt\/koniczyna\/","title":{"rendered":"Koniczyna czerwona kwiat 50g"},"content":{"rendered":"<p>Koniczyna czerwona kwiat 50 g (<em>Trifolium pratense)<\/em><\/p>\n<p>Mandala Katarzyna Koncewicz<\/p>\n<p>Zbi\u00f3r i obr\u00f3bka r\u0119czna. Zio\u0142a rosn\u0105ce w gospodarstwie po\u0142o\u017conym na terenie Rudawskiego Parku Krajobrazowego.<\/p>\n","protected":false},"excerpt":{"rendered":"<p>Koniczyna czerwona kwiat 50 g<\/p>\n","protected":false},"featured_media":1861,"template":"","meta":[],"product_cat":[29],"product_tag":[37],"_links":{"self":[{"href":"https:\/\/klos-wroc.pl\/sklep\/wp-json\/wp\/v2\/product\/1860"}],"collection":[{"href":"https:\/\/klos-wroc.pl\/sklep\/wp-json\/wp\/v2\/product"}],"about":[{"href":"https:\/\/klos-wroc.pl\/sklep\/wp-json\/wp\/v2\/types\/product"}],"version-history":[{"count":3,"href":"https:\/\/klos-wroc.pl\/sklep\/wp-json\/wp\/v2\/product\/1860\/revisions"}],"predecessor-version":[{"id":2739,"href":"https:\/\/klos-wroc.pl\/sklep\/wp-json\/wp\/v2\/product\/1860\/revisions\/2739"}],"wp:featuredmedia":[{"embeddable":true,"href":"https:\/\/klos-wroc.pl\/sklep\/wp-json\/wp\/v2\/media\/1861"}],"wp:attachment":[{"href":"https:\/\/klos-wroc.pl\/sklep\/wp-json\/wp\/v2\/media?parent=1860"}],"wp:term":[{"taxonomy":"product_cat","embeddable":true,"href":"https:\/\/klos-wroc.pl\/sklep\/wp-json\/wp\/v2\/product_cat?post=1860"},{"taxonomy":"product_tag","embeddable":true,"href":"https:\/\/klos-wroc.pl\/sklep\/wp-json\/wp\/v2\/product_tag?post=1860"}],"curies":[{"name":"wp","href":"https:\/\/api.w.org\/{rel}","templated":true}]}}