{"id":2547,"date":"2024-01-17T12:19:32","date_gmt":"2024-01-17T11:19:32","guid":{"rendered":"https:\/\/klos-wroc.pl\/sklep\/?post_type=product&#038;p=2547"},"modified":"2024-02-06T14:20:38","modified_gmt":"2024-02-06T13:20:38","slug":"2547","status":"publish","type":"product","link":"https:\/\/klos-wroc.pl\/sklep\/produkt\/2547\/","title":{"rendered":"Ser kozi dojrzewaj\u0105cy z kozieradk\u0105"},"content":{"rendered":"<p>Ser kozi dojrzewaj\u0105cy z kozieradk\u0105, 200 g<\/p>\n<p>Gospodarstwo Ko\u017alarskie Maciej Forysiak, Podlesie k. Niemczy<\/p>\n<p>Produkt ekologiczny<\/p>\n","protected":false},"excerpt":{"rendered":"<p>Ser kozi dojrzewaj\u0105cy z kozieradk\u0105, 200 g<\/p>\n","protected":false},"featured_media":2548,"template":"","meta":[],"product_cat":[27],"product_tag":[46],"_links":{"self":[{"href":"https:\/\/klos-wroc.pl\/sklep\/wp-json\/wp\/v2\/product\/2547"}],"collection":[{"href":"https:\/\/klos-wroc.pl\/sklep\/wp-json\/wp\/v2\/product"}],"about":[{"href":"https:\/\/klos-wroc.pl\/sklep\/wp-json\/wp\/v2\/types\/product"}],"version-history":[{"count":4,"href":"https:\/\/klos-wroc.pl\/sklep\/wp-json\/wp\/v2\/product\/2547\/revisions"}],"predecessor-version":[{"id":3045,"href":"https:\/\/klos-wroc.pl\/sklep\/wp-json\/wp\/v2\/product\/2547\/revisions\/3045"}],"wp:featuredmedia":[{"embeddable":true,"href":"https:\/\/klos-wroc.pl\/sklep\/wp-json\/wp\/v2\/media\/2548"}],"wp:attachment":[{"href":"https:\/\/klos-wroc.pl\/sklep\/wp-json\/wp\/v2\/media?parent=2547"}],"wp:term":[{"taxonomy":"product_cat","embeddable":true,"href":"https:\/\/klos-wroc.pl\/sklep\/wp-json\/wp\/v2\/product_cat?post=2547"},{"taxonomy":"product_tag","embeddable":true,"href":"https:\/\/klos-wroc.pl\/sklep\/wp-json\/wp\/v2\/product_tag?post=2547"}],"curies":[{"name":"wp","href":"https:\/\/api.w.org\/{rel}","templated":true}]}}