{"id":2666,"date":"2024-01-20T17:37:09","date_gmt":"2024-01-20T16:37:09","guid":{"rendered":"https:\/\/klos-wroc.pl\/sklep\/?post_type=product&#038;p=2666"},"modified":"2024-11-04T22:49:08","modified_gmt":"2024-11-04T21:49:08","slug":"marchew-1-kg","status":"publish","type":"product","link":"https:\/\/klos-wroc.pl\/sklep\/produkt\/marchew-1-kg\/","title":{"rendered":"Marchew 1 kg"},"content":{"rendered":"<p>Marchew 1 kg<\/p>\n<p>Wyhodowano zgodnie z ekologicznymi metodami uprawy ro\u015blin w gospodarstwie Anny G\u00f3rskiej Eko-warzywa w Ratnie G\u00f3rnym, pod Radkowem<\/p>\n","protected":false},"excerpt":{"rendered":"<p>Marchew 1 kg<\/p>\n","protected":false},"featured_media":2592,"template":"","meta":[],"product_cat":[22],"product_tag":[23],"_links":{"self":[{"href":"https:\/\/klos-wroc.pl\/sklep\/wp-json\/wp\/v2\/product\/2666"}],"collection":[{"href":"https:\/\/klos-wroc.pl\/sklep\/wp-json\/wp\/v2\/product"}],"about":[{"href":"https:\/\/klos-wroc.pl\/sklep\/wp-json\/wp\/v2\/types\/product"}],"version-history":[{"count":2,"href":"https:\/\/klos-wroc.pl\/sklep\/wp-json\/wp\/v2\/product\/2666\/revisions"}],"predecessor-version":[{"id":3553,"href":"https:\/\/klos-wroc.pl\/sklep\/wp-json\/wp\/v2\/product\/2666\/revisions\/3553"}],"wp:featuredmedia":[{"embeddable":true,"href":"https:\/\/klos-wroc.pl\/sklep\/wp-json\/wp\/v2\/media\/2592"}],"wp:attachment":[{"href":"https:\/\/klos-wroc.pl\/sklep\/wp-json\/wp\/v2\/media?parent=2666"}],"wp:term":[{"taxonomy":"product_cat","embeddable":true,"href":"https:\/\/klos-wroc.pl\/sklep\/wp-json\/wp\/v2\/product_cat?post=2666"},{"taxonomy":"product_tag","embeddable":true,"href":"https:\/\/klos-wroc.pl\/sklep\/wp-json\/wp\/v2\/product_tag?post=2666"}],"curies":[{"name":"wp","href":"https:\/\/api.w.org\/{rel}","templated":true}]}}