{"id":2864,"date":"2024-01-21T22:44:58","date_gmt":"2024-01-21T21:44:58","guid":{"rendered":"https:\/\/klos-wroc.pl\/sklep\/?post_type=product&#038;p=2864"},"modified":"2024-06-17T16:39:11","modified_gmt":"2024-06-17T14:39:11","slug":"chleb-razowy-zytni-duzy","status":"publish","type":"product","link":"https:\/\/klos-wroc.pl\/sklep\/produkt\/chleb-razowy-zytni-duzy\/","title":{"rendered":"Chleb razowy \u017cytni du\u017cy"},"content":{"rendered":"<p>Chleb razowy \u017cytni 800 g, wieloziarnisty na zakwasie .<\/p>\n<p>Sk\u0142adniki : m\u0105ka razowa \u017cytnia, zakwas \u017cytni, s\u0142onecznik, siemi\u0119 lniane, woda, s\u00f3l.<\/p>\n<p>Wszystkie sk\u0142adniki ekologiczne.<\/p>\n<p>Mandala Katarzyna Koncewicz<\/p>\n","protected":false},"excerpt":{"rendered":"<p>Chleb razowy \u017cytni du\u017cy<\/p>\n","protected":false},"featured_media":1888,"template":"","meta":[],"product_cat":[15],"product_tag":[37],"_links":{"self":[{"href":"https:\/\/klos-wroc.pl\/sklep\/wp-json\/wp\/v2\/product\/2864"}],"collection":[{"href":"https:\/\/klos-wroc.pl\/sklep\/wp-json\/wp\/v2\/product"}],"about":[{"href":"https:\/\/klos-wroc.pl\/sklep\/wp-json\/wp\/v2\/types\/product"}],"version-history":[{"count":2,"href":"https:\/\/klos-wroc.pl\/sklep\/wp-json\/wp\/v2\/product\/2864\/revisions"}],"predecessor-version":[{"id":3313,"href":"https:\/\/klos-wroc.pl\/sklep\/wp-json\/wp\/v2\/product\/2864\/revisions\/3313"}],"wp:featuredmedia":[{"embeddable":true,"href":"https:\/\/klos-wroc.pl\/sklep\/wp-json\/wp\/v2\/media\/1888"}],"wp:attachment":[{"href":"https:\/\/klos-wroc.pl\/sklep\/wp-json\/wp\/v2\/media?parent=2864"}],"wp:term":[{"taxonomy":"product_cat","embeddable":true,"href":"https:\/\/klos-wroc.pl\/sklep\/wp-json\/wp\/v2\/product_cat?post=2864"},{"taxonomy":"product_tag","embeddable":true,"href":"https:\/\/klos-wroc.pl\/sklep\/wp-json\/wp\/v2\/product_tag?post=2864"}],"curies":[{"name":"wp","href":"https:\/\/api.w.org\/{rel}","templated":true}]}}